{"id":63,"date":"2019-02-05T13:12:04","date_gmt":"2019-02-05T13:12:04","guid":{"rendered":"https:\/\/judoclub-kaikan.ch\/?page_id=63"},"modified":"2019-02-05T13:30:50","modified_gmt":"2019-02-05T13:30:50","slug":"gaestebuch","status":"publish","type":"page","link":"https:\/\/judoclub-kaikan.ch\/index.php\/gaestebuch\/","title":{"rendered":"G\u00e4stebuch"},"content":{"rendered":"\n<div class=\"gwolle-gb\"><div class=\"gwolle_gb_messages_top_container\"><\/div>\n\t\t\t<div class=\"gwolle-gb-write-button\">\n\t\t\t\t<input type=\"button\" name=\"gwolle-gb-write-button\" class=\"button btn btn-default \" value=\"&raquo; Neuen Eintrag schreiben\" \/>\n\t\t\t<\/div>\n\t\t\t<form action=\"#\" method=\"POST\" class=\"gwolle-gb-write gwolle-gb-hide gwolle-gb-float gwolle_gb_form_ajax gwolle-gb-form-ajax\">\n\t\t\t\t<h3>Einen neuen Eintrag f\u00fcr das G\u00e4stebuch schreiben<\/h3>\n\t\t\t\t<button type=\"button\" class=\"gb-notice-dismiss\">x<span class=\"screen-reader-text\">Diese Formular ausblenden<\/span><\/button>\n\t\t\t\n\t\t\t\t<input type=\"hidden\" name=\"gwolle_gb_function\" class=\"gwolle_gb_function\" value=\"add_entry\" \/><input type=\"hidden\" name=\"gwolle_gb_book_id\" class=\"gwolle_gb_book_id\" value=\"1\" \/><div class=\"gwolle_gb_4cc81e57dab4cca6884806b8e027a6cc\">\n\t\t\t\t<div class=\"label\"><label for=\"gwolle_gb_4cc81e57dab4cca6884806b8e027a6cc\" class=\"text-info\">Name *<\/label><\/div>\n\t\t\t\t<div class=\"input\"><input class=\"wp-exclude-emoji gwolle_gb_4cc81e57dab4cca6884806b8e027a6cc\" value=\"\" type=\"text\" name=\"gwolle_gb_4cc81e57dab4cca6884806b8e027a6cc\" required \/><\/div>\n\t\t\t<\/div>\n\t\t\t<div class=\"clearBoth\">&nbsp;<\/div><div class=\"gwolle_gb_d2b68bfbab71ed1f042390a4e1ecd046\">\n\t\t\t\t\t<div class=\"label\"><label for=\"gwolle_gb_d2b68bfbab71ed1f042390a4e1ecd046\" class=\"text-info\">Ort<\/label><\/div>\n\t\t\t\t\t<div class=\"input\"><input class=\"wp-exclude-emoji gwolle_gb_d2b68bfbab71ed1f042390a4e1ecd046\" value=\"\" type=\"text\" name=\"gwolle_gb_d2b68bfbab71ed1f042390a4e1ecd046\" \/><\/div>\n\t\t\t\t<\/div>\n\t\t\t\t<div class=\"clearBoth\">&nbsp;<\/div><div class=\"gwolle_gb_e1b3f38c8987c1eb073a2b5d108cc091\">\n\t\t\t\t<div class=\"label\"><label for=\"gwolle_gb_e1b3f38c8987c1eb073a2b5d108cc091\" class=\"text-info\">E-Mail *<\/label><\/div>\n\t\t\t\t<div class=\"input\"><input class=\"gwolle_gb_e1b3f38c8987c1eb073a2b5d108cc091\" value=\"\" type=\"email\" name=\"gwolle_gb_e1b3f38c8987c1eb073a2b5d108cc091\" required \/><\/div>\n\t\t\t<\/div>\n\t\t\t<div class=\"clearBoth\">&nbsp;<\/div><div class=\"gwolle_gb_a148b4bbc8353176c014f88a982a1d10\">\n\t\t\t\t<div class=\"label\"><label for=\"gwolle_gb_a148b4bbc8353176c014f88a982a1d10\" class=\"text-info\">Website<\/label><\/div>\n\t\t\t\t<div class=\"input\"><input class=\"gwolle_gb_a148b4bbc8353176c014f88a982a1d10\" value=\"\" type=\"url\" name=\"gwolle_gb_a148b4bbc8353176c014f88a982a1d10\" \/><\/div>\n\t\t\t<\/div>\n\t\t\t<div class=\"clearBoth\">&nbsp;<\/div>\n\t\t\t<div class=\"gwolle_gb_af33238dfc57e34f4e15646af7765458\" style=\"display:none;\">\n\t\t\t\t<div class=\"label\">\n\t\t\t\t\t<label for=\"gwolle_gb_af33238dfc57e34f4e15646af7765458\" class=\"text-primary\">Hier nichts eingeben<\/label>\n\t\t\t\t\t<label for=\"gwolle_gb_3e70fa2fa40d7aee0102bc3a4bfe4b05\" class=\"text-primary\">Hier nichts eingeben<\/label>\n\t\t\t\t<\/div>\n\t\t\t\t<div class=\"input\">\n\t\t\t\t\t<input value=\"44\" type=\"text\" name=\"gwolle_gb_af33238dfc57e34f4e15646af7765458\" class=\"gwolle_gb_af33238dfc57e34f4e15646af7765458\" \/>\n\t\t\t\t\t<input value=\"\" type=\"text\" name=\"gwolle_gb_3e70fa2fa40d7aee0102bc3a4bfe4b05\" class=\"gwolle_gb_3e70fa2fa40d7aee0102bc3a4bfe4b05\" \/>\n\t\t\t\t<\/div>\n\t\t\t<\/div>\n\t\t\t<div class=\"clearBoth\"><\/div>\n\t\t\t<div class=\"gwolle_gb_e1d3404d7cd0c6528d4feb33cc5f7f39\" style=\"display:none;\">\n\t\t\t\t<div class=\"label\">\n\t\t\t\t\t<label for=\"gwolle_gb_e1d3404d7cd0c6528d4feb33cc5f7f39\" class=\"text-primary\">Hier nichts eingeben<\/label>\n\t\t\t\t\t<label for=\"gwolle_gb_0905c531574750a4b1b209e84ae8fad0\" class=\"text-primary\">Hier nichts eingeben<\/label>\n\t\t\t\t<\/div>\n\t\t\t\t<div class=\"input\">\n\t\t\t\t\t<input value=\"40313\" type=\"text\" name=\"gwolle_gb_e1d3404d7cd0c6528d4feb33cc5f7f39\" class=\"gwolle_gb_e1d3404d7cd0c6528d4feb33cc5f7f39\" \/>\n\t\t\t\t\t<input value=\"40313\" type=\"text\" name=\"gwolle_gb_0905c531574750a4b1b209e84ae8fad0\" class=\"gwolle_gb_0905c531574750a4b1b209e84ae8fad0\" \/>\n\t\t\t\t<\/div>\n\t\t\t<\/div>\n\t\t\t<div class=\"clearBoth\"><\/div><div class=\"gwolle_gb_content\">\n\t\t\t\t<div class=\"label\"><label for=\"gwolle_gb_content\" class=\"text-info\">G\u00e4stebucheintrag *<\/label><\/div>\n\t\t\t\t<div class=\"input\"><textarea name=\"gwolle_gb_content\" class=\"gwolle_gb_content wp-exclude-emoji\" required ><\/textarea><div class=\"gwolle_gb_emoji gwolle-gb-hide\">\n\t\t<a title=\"\ud83d\ude04\" class=\"gwolle_gb_emoji_1 noslimstat\">\ud83d\ude04<\/a>\n\t\t<a title=\"\ud83d\ude03\" class=\"gwolle_gb_emoji_2 noslimstat\">\ud83d\ude03<\/a>\n\t\t<a title=\"\ud83d\ude0a\" class=\"gwolle_gb_emoji_3 noslimstat\">\ud83d\ude0a<\/a>\n\t\t<a title=\"\ud83d\ude09\" class=\"gwolle_gb_emoji_4 noslimstat\">\ud83d\ude09<\/a>\n\t\t<a title=\"\ud83d\ude0d\" class=\"gwolle_gb_emoji_5 noslimstat\">\ud83d\ude0d<\/a>\n\t\t<a title=\"\ud83d\ude1a\" class=\"gwolle_gb_emoji_6 noslimstat\">\ud83d\ude1a<\/a>\n\t\t<a title=\"\ud83d\ude17\" class=\"gwolle_gb_emoji_7 noslimstat\">\ud83d\ude17<\/a>\n\t\t<a title=\"\ud83d\ude1c\" class=\"gwolle_gb_emoji_8 noslimstat\">\ud83d\ude1c<\/a>\n\t\t<a title=\"\ud83d\ude1b\" class=\"gwolle_gb_emoji_9 noslimstat\">\ud83d\ude1b<\/a>\n\t\t<a title=\"\ud83d\ude33\" class=\"gwolle_gb_emoji_10 noslimstat\">\ud83d\ude33<\/a>\n\t\t<a title=\"\ud83d\ude01\" class=\"gwolle_gb_emoji_11 noslimstat\">\ud83d\ude01<\/a>\n\t\t<a title=\"\ud83d\ude2c\" class=\"gwolle_gb_emoji_12 noslimstat\">\ud83d\ude2c<\/a>\n\t\t<a title=\"\ud83d\ude0c\" class=\"gwolle_gb_emoji_13 noslimstat\">\ud83d\ude0c<\/a>\n\t\t<a title=\"\ud83d\ude1e\" class=\"gwolle_gb_emoji_14 noslimstat\">\ud83d\ude1e<\/a>\n\t\t<a title=\"\ud83d\ude22\" class=\"gwolle_gb_emoji_15 noslimstat\">\ud83d\ude22<\/a>\n\t\t<a title=\"\ud83d\ude02\" class=\"gwolle_gb_emoji_16 noslimstat\">\ud83d\ude02<\/a>\n\t\t<a title=\"\ud83d\ude2d\" class=\"gwolle_gb_emoji_17 noslimstat\">\ud83d\ude2d<\/a>\n\t\t<a title=\"\ud83d\ude05\" class=\"gwolle_gb_emoji_18 noslimstat\">\ud83d\ude05<\/a>\n\t\t<a title=\"\ud83d\ude13\" class=\"gwolle_gb_emoji_19 noslimstat\">\ud83d\ude13<\/a>\n\t\t<a title=\"\ud83d\ude29\" class=\"gwolle_gb_emoji_20 noslimstat\">\ud83d\ude29<\/a>\n\t\t<a title=\"\ud83d\ude2e\" class=\"gwolle_gb_emoji_21 noslimstat\">\ud83d\ude2e<\/a>\n\t\t<a title=\"\ud83d\ude31\" class=\"gwolle_gb_emoji_22 noslimstat\">\ud83d\ude31<\/a>\n\t\t<a title=\"\ud83d\ude20\" class=\"gwolle_gb_emoji_23 noslimstat\">\ud83d\ude20<\/a>\n\t\t<a title=\"\ud83d\ude21\" class=\"gwolle_gb_emoji_24 noslimstat\">\ud83d\ude21<\/a>\n\t\t<a title=\"\ud83d\ude24\" class=\"gwolle_gb_emoji_25 noslimstat\">\ud83d\ude24<\/a>\n\t\t<a title=\"\ud83d\ude0b\" class=\"gwolle_gb_emoji_26 noslimstat\">\ud83d\ude0b<\/a>\n\t\t<a title=\"\ud83d\ude0e\" class=\"gwolle_gb_emoji_27 noslimstat\">\ud83d\ude0e<\/a>\n\t\t<a title=\"\ud83d\ude34\" class=\"gwolle_gb_emoji_28 noslimstat\">\ud83d\ude34<\/a>\n\t\t<a title=\"\ud83d\ude08\" class=\"gwolle_gb_emoji_29 noslimstat\">\ud83d\ude08<\/a>\n\t\t<a title=\"\ud83d\ude07\" class=\"gwolle_gb_emoji_30 noslimstat\">\ud83d\ude07<\/a>\n\t\t<a title=\"\ud83d\ude15\" class=\"gwolle_gb_emoji_31 noslimstat\">\ud83d\ude15<\/a>\n\t\t<a title=\"\ud83d\ude0f\" class=\"gwolle_gb_emoji_32 noslimstat\">\ud83d\ude0f<\/a>\n\t\t<a title=\"\ud83d\ude11\" class=\"gwolle_gb_emoji_33 noslimstat\">\ud83d\ude11<\/a>\n\t\t<a title=\"\ud83d\udc72\" class=\"gwolle_gb_emoji_34 noslimstat\">\ud83d\udc72<\/a>\n\t\t<a title=\"\ud83d\udc6e\" class=\"gwolle_gb_emoji_35 noslimstat\">\ud83d\udc6e<\/a>\n\t\t<a title=\"\ud83d\udc82\" class=\"gwolle_gb_emoji_36 noslimstat\">\ud83d\udc82<\/a>\n\t\t<a title=\"\ud83d\udc76\" class=\"gwolle_gb_emoji_37 noslimstat\">\ud83d\udc76<\/a>\n\t\t<a title=\"\u2764\" class=\"gwolle_gb_emoji_38 noslimstat\">\u2764<\/a>\n\t\t<a title=\"\ud83d\udc94\" class=\"gwolle_gb_emoji_39 noslimstat\">\ud83d\udc94<\/a>\n\t\t<a title=\"\ud83d\udc95\" class=\"gwolle_gb_emoji_40 noslimstat\">\ud83d\udc95<\/a>\n\t\t<a title=\"\ud83d\udc98\" class=\"gwolle_gb_emoji_41 noslimstat\">\ud83d\udc98<\/a>\n\t\t<a title=\"\ud83d\udc8c\" class=\"gwolle_gb_emoji_42 noslimstat\">\ud83d\udc8c<\/a>\n\t\t<a title=\"\ud83d\udc8b\" class=\"gwolle_gb_emoji_43 noslimstat\">\ud83d\udc8b<\/a>\n\t\t<a title=\"\ud83c\udf81\" class=\"gwolle_gb_emoji_44 noslimstat\">\ud83c\udf81<\/a>\n\t\t<a title=\"\ud83d\udcb0\" class=\"gwolle_gb_emoji_45 noslimstat\">\ud83d\udcb0<\/a>\n\t\t<a title=\"\ud83d\udc8d\" class=\"gwolle_gb_emoji_46 noslimstat\">\ud83d\udc8d<\/a>\n\t\t<a title=\"\ud83d\udc4d\" class=\"gwolle_gb_emoji_47 noslimstat\">\ud83d\udc4d<\/a>\n\t\t<a title=\"\ud83d\udc4e\" class=\"gwolle_gb_emoji_48 noslimstat\">\ud83d\udc4e<\/a>\n\t\t<a title=\"\ud83d\udc4c\" class=\"gwolle_gb_emoji_49 noslimstat\">\ud83d\udc4c<\/a>\n\t\t<a title=\"\u270c\ufe0f\" class=\"gwolle_gb_emoji_50 noslimstat\">\u270c\ufe0f<\/a>\n\t\t<a title=\"\ud83e\udd18\ufe0f\" class=\"gwolle_gb_emoji_51 noslimstat\">\ud83e\udd18<\/a>\n\t\t<a title=\"\ud83d\udc4f\" class=\"gwolle_gb_emoji_52 noslimstat\">\ud83d\udc4f<\/a>\n\t\t<a title=\"\ud83c\udfb5\" class=\"gwolle_gb_emoji_53 noslimstat\">\ud83c\udfb5<\/a>\n\t\t<a title=\"\u2615\ufe0f\" class=\"gwolle_gb_emoji_54 noslimstat\">\u2615\ufe0f<\/a>\n\t\t<a title=\"\ud83c\udf75\" class=\"gwolle_gb_emoji_55 noslimstat\">\ud83c\udf75<\/a>\n\t\t<a title=\"\ud83c\udf7a\" class=\"gwolle_gb_emoji_56 noslimstat\">\ud83c\udf7a<\/a>\n\t\t<a title=\"\ud83c\udf77\" class=\"gwolle_gb_emoji_57 noslimstat\">\ud83c\udf77<\/a>\n\t\t<a title=\"\ud83c\udf7c\" class=\"gwolle_gb_emoji_58 noslimstat\">\ud83c\udf7c<\/a>\n\t\t<a title=\"\u2600\ufe0f\" class=\"gwolle_gb_emoji_59 noslimstat\">\u2600\ufe0f<\/a>\n\t\t<a title=\"\ud83c\udf24\" class=\"gwolle_gb_emoji_60 noslimstat\">\ud83c\udf24<\/a>\n\t\t<a title=\"\ud83c\udf26\" class=\"gwolle_gb_emoji_61 noslimstat\">\ud83c\udf26<\/a>\n\t\t<a title=\"\ud83c\udf27\" class=\"gwolle_gb_emoji_62 noslimstat\">\ud83c\udf27<\/a>\n\t\t<a title=\"\ud83c\udf1c\" class=\"gwolle_gb_emoji_63 noslimstat\">\ud83c\udf1c<\/a>\n\t\t<a title=\"\ud83c\udf08\" class=\"gwolle_gb_emoji_64 noslimstat\">\ud83c\udf08<\/a>\n\t\t<a title=\"\ud83c\udfdd\" class=\"gwolle_gb_emoji_65 noslimstat\">\ud83c\udfdd<\/a>\n\t\t<a title=\"\ud83c\udf85\" class=\"gwolle_gb_emoji_66 noslimstat\">\ud83c\udf85<\/a>\n\t\t<\/div><\/div>\n\t\t\t\t<\/div>\n\t\t\t<div class=\"clearBoth\">&nbsp;<\/div><input type=\"hidden\" class=\"gwolle_gb_534778c3efee2e25ecacb11c06651627\" name=\"gwolle_gb_534778c3efee2e25ecacb11c06651627\" value=\"82bf37838a\" \/>\n\t\t\t<div class=\"gwolle_gb_messages_bottom_container\"><\/div>\n\n\t\t\t<noscript><div class=\"no-js\">Warning: This form can only be used if JavaScript is enabled in your browser.<\/div><\/noscript>\n\n\t\t\t<div class=\"gwolle_gb_submit\">\n\t\t\t\t<div class=\"label gwolle-gb-invisible text-muted\">&nbsp;<\/div>\n\t\t\t\t<div class=\"input\">\n\t\t\t\t\t<input type=\"submit\" name=\"gwolle_gb_submit\" class=\"gwolle_gb_submit button btn btn-primary \" value=\"Absenden\" \/>\n\t\t\t\t\t<span class=\"gwolle_gb_submit_ajax_icon\"><\/span>\n\t\t\t\n\t\t\t\t<\/div>\n\t\t\t<\/div>\n\t\t\t<div class=\"clearBoth\">&nbsp;<\/div>\n\n\t\t\t<div class=\"gwolle_gb_notice\">\n\t\t\t\tMit * gekennzeichnete Felder sind erforderlich.<br \/>\r\nIhre E-Mail-Adresse wird nicht ver\u00f6ffentlicht.<br \/>\r\nEs ist m\u00f6glich, dass Ihr Eintrag im G\u00e4stebuch erst sichtbar ist, nachdem wir ihn \u00fcberpr\u00fcft haben.<br \/>\r\nWir behalten uns vor, Eintr\u00e4ge zu bearbeiten, zu l\u00f6schen oder nicht zu ver\u00f6ffentlichen.\n\t\t\t<\/div><\/form><div class=\"gwolle-gb-read gwolle_gb_infinite gwolle-gb-infinite\" data-book_id=\"1\">(Noch keine Eintr\u00e4ge)<\/div><\/div>\n","protected":false},"excerpt":{"rendered":"","protected":false},"author":1,"featured_media":0,"parent":0,"menu_order":0,"comment_status":"closed","ping_status":"closed","template":"","meta":{"footnotes":""},"class_list":["post-63","page","type-page","status-publish","hentry"],"_links":{"self":[{"href":"https:\/\/judoclub-kaikan.ch\/index.php\/wp-json\/wp\/v2\/pages\/63","targetHints":{"allow":["GET"]}}],"collection":[{"href":"https:\/\/judoclub-kaikan.ch\/index.php\/wp-json\/wp\/v2\/pages"}],"about":[{"href":"https:\/\/judoclub-kaikan.ch\/index.php\/wp-json\/wp\/v2\/types\/page"}],"author":[{"embeddable":true,"href":"https:\/\/judoclub-kaikan.ch\/index.php\/wp-json\/wp\/v2\/users\/1"}],"replies":[{"embeddable":true,"href":"https:\/\/judoclub-kaikan.ch\/index.php\/wp-json\/wp\/v2\/comments?post=63"}],"version-history":[{"count":2,"href":"https:\/\/judoclub-kaikan.ch\/index.php\/wp-json\/wp\/v2\/pages\/63\/revisions"}],"predecessor-version":[{"id":99,"href":"https:\/\/judoclub-kaikan.ch\/index.php\/wp-json\/wp\/v2\/pages\/63\/revisions\/99"}],"wp:attachment":[{"href":"https:\/\/judoclub-kaikan.ch\/index.php\/wp-json\/wp\/v2\/media?parent=63"}],"curies":[{"name":"wp","href":"https:\/\/api.w.org\/{rel}","templated":true}]}}